{"id":2,"date":"2014-03-15T10:23:29","date_gmt":"2014-03-15T10:23:29","guid":{"rendered":"http:\/\/mamquacuoi.com\/?page_id=2"},"modified":"2018-04-11T18:25:07","modified_gmt":"2018-04-11T11:25:07","slug":"gioi-thieu","status":"publish","type":"page","link":"https:\/\/mamquacuoi.com\/?page_id=2","title":{"rendered":"GI\u1edaI THI\u1ec6U"},"content":{"rendered":"[vc_row][vc_column width=&#8221;1\/2&#8243;][vc_single_image image=&#8221;7502&#8243; img_size=&#8221;200&#215;200&#8243; alignment=&#8221;center&#8221;][\/vc_column][vc_column width=&#8221;1\/2&#8243;][vc_column_text]\n<p style=\"text-align: justify;\"><strong>M\u00e2m qu\u1ea3 ng\u00e0y c\u01b0\u1edbi<\/strong> l\u00e0 m\u1ed9t n\u00e9t\u00a0\u0111\u1eb9p v\u0103n ho\u00e1 theo truy\u1ec1n th\u1ed1ng C\u01b0\u1edbi H\u1ecfi\u00a0c\u1ee7a Ng\u01b0\u1eddi Vi\u1ec7t t\u1eeb x\u01b0a \u0111\u1ebfn nay. Tr\u1ea3i qua nhi\u1ec1u th\u0103ng tr\u1ea7m trong l\u1ecbch s\u1eed, n\u00e9t v\u0103n ho\u00e1 \u0111\u1eb7c s\u1eafc n\u00e0y hi\u1ec7n v\u1eabn \u0111\u01b0\u1ee3c c\u00e1c gia \u0111\u00ecnh Ng\u01b0\u1eddi Vi\u1ec7t b\u1ea3o t\u1ed3n v\u00e0 \u00e1p d\u1ee5ng trong c\u00e1c nghi th\u1ee9c L\u1ec5 C\u01b0\u1edbi &#8211; H\u1ecfi, \u0111i\u1ec1u \u0111\u00f3 \u0111\u00e3 g\u00f3p ph\u1ea7n t\u00f4n vinh gi\u00e1 tr\u1ecb v\u0103n ho\u00e1 tinh th\u1ea7n c\u1ee7a Ng\u01b0\u1eddi Vi\u1ec7t, khi\u1ebfn cho L\u1ec5 C\u01b0\u1edbi c\u1ee7a Ng\u01b0\u1eddi Vi\u1ec7t mang v\u1ebb \u0111\u1eb9p v\u00e0 s\u1ef1 \u0111\u1ed9c \u0111\u00e1o r\u1ea5t ri\u00eang c\u1ee7a v\u0103n h\u00f3a Ph\u01b0\u01a1ng \u0110\u00f4ng.<\/p>\n[\/vc_column_text][\/vc_column][\/vc_row][vc_row][vc_column width=&#8221;1\/2&#8243;][vc_column_text]\n<p style=\"text-align: justify;\">L\u00e1 Tr\u1ea7u Xanh l\u00e0 m\u1ed9t \u0111\u01a1n v\u1ecb chuy\u00ean th\u1ef1c hi\u1ec7n trang tr\u00ed m\u00e2m qu\u1ea3 v\u00e0 cung c\u1ea5p <strong>m\u00e2m qu\u1ea3 ng\u00e0y c\u01b0\u1edbi<\/strong> trong ph\u1ea1m vi TP.HCM c\u00f9ng c\u00e1c t\u1ec9nh l\u00e2n c\u1eadn. Ch\u00fang t\u00f4i cung c\u1ea5p <strong>m\u00e2m qu\u1ea3 ng\u00e0y c\u01b0\u1edbi<\/strong> d\u1ef1a tr\u00ean s\u1ed1 l\u01b0\u1ee3ng m\u00e2m qu\u1ea3 ph\u00f9 h\u1ee3p v\u1edbi phong t\u1ee5c c\u01b0\u1edbi h\u1ecfi c\u1ee7a t\u1eebng v\u00f9ng mi\u1ec1n, c\u0169ng nh\u01b0 c\u00f3 th\u1ec3 thay \u0111\u1ed5i b\u1ed5 sung n\u1ed9i dung b\u00ean trong m\u00e2m qu\u1ea3 theo t\u1eebng y\u00eau c\u1ea7u c\u1ee5 th\u1ec3 c\u1ee7a m\u1ed7i gia \u0111\u00ecnh.<\/p>\n[\/vc_column_text][\/vc_column][vc_column width=&#8221;1\/2&#8243;][vc_single_image image=&#8221;7806&#8243; img_size=&#8221;200&#215;200&#8243; alignment=&#8221;center&#8221; style=&#8221;vc_box_outline_circle_2&#8243; border_color=&#8221;green&#8221;][\/vc_column][\/vc_row][vc_row][vc_column width=&#8221;1\/2&#8243;][vc_single_image image=&#8221;7805&#8243; img_size=&#8221;200&#215;200&#8243; alignment=&#8221;center&#8221; style=&#8221;vc_box_outline_circle_2&#8243; border_color=&#8221;green&#8221;][\/vc_column][vc_column width=&#8221;1\/2&#8243;][vc_column_text]\n<p style=\"text-align: justify;\">Ngo\u00e0i lo\u1ea1i <strong>m\u00e2m qu\u1ea3<\/strong>\u00a0c\u00f3 m\u00e0u \u0111\u1ecf truy\u1ec1n th\u1ed1ng, nh\u1eb1m \u0111\u00e1p \u1ee9ng nhu c\u1ea7u \u0111a d\u1ea1ng c\u1ee7a c\u00e1c C\u00f4 D\u00e2u Ch\u00fa R\u1ec3 tr\u1ebb ng\u00e0y nay, L\u00e1 Tr\u1ea7u Xanh c\u00f2n c\u00f3 c\u00e1c b\u1ed9 <strong>m\u00e2m qu\u1ea3 ng\u00e0y c\u01b0\u1edbi<\/strong>\u00a0nh\u1eefng m\u00e0u s\u1eafc kh\u00e1c nhau: v\u00e0ng \u0111\u1ed3ng, h\u1ed3ng ph\u1ea5n v\u00e0 m\u00e2m qu\u1ea3 s\u01a1n m\u00e0i. Kh\u00f4ng nh\u1eefng th\u1ebf trong t\u01b0\u01a1ng lai, ch\u00fang t\u00f4i s\u1ebd c\u1ed1 g\u1eafng h\u1ed7 tr\u1ee3 t\u1ed1i \u0111a cho C\u00f4 D\u00e2u Ch\u00fa R\u1ec3 trong vi\u1ec7c thay \u0111\u1ed5i ki\u1ec3u d\u00e1ng, ch\u1ea5t li\u1ec7u, m\u00e0u s\u1eafc c\u1ee7a c\u00e1c b\u1ed9 m\u00e2m qu\u1ea3 \u0111\u1ec3 ch\u1ea5t l\u01b0\u1ee3ng d\u1ecbch v\u1ee5 c\u1ee7a L\u00e1 Tr\u1ea7u Xanh ng\u00e0y c\u00e0ng t\u1ed1t h\u01a1n, l\u00e0m h\u00e0i l\u00f2ng nhi\u1ec1u kh\u00e1ch h\u00e0ng h\u01a1n n\u1eefa.<\/p>\n[\/vc_column_text][\/vc_column][\/vc_row][vc_row][vc_column width=&#8221;1\/2&#8243;][vc_column_text]\n<p style=\"text-align: justify;\">V\u1edbi th\u1eddi gian ho\u1ea1t \u0111\u1ed9ng h\u01a1n 10 n\u0103m k\u1ec3 t\u1eeb 2007 trong l\u0129nh v\u1ef1c cung c\u1ea5p m\u00e2m qu\u1ea3 L\u00e1 Tr\u1ea7u Xanh m\u1edbi c\u00f3 \u0111\u01b0\u1ee3c v\u1ecb tr\u00ed nh\u01b0 ng\u00e0y h\u00f4m nay, \u0111\u1ed9i ng\u0169 nh\u00e2n vi\u00ean L\u00e1 Tr\u1ea7u Xanh mu\u1ed1n g\u1eedi l\u1eddi c\u1ea3m \u01a1n c\u00e1c qu\u00fd kh\u00e1ch h\u00e0ng \u0111\u00e3 tin t\u01b0\u1edfng s\u1eed d\u1ee5ng d\u1ecbch v\u1ee5, \u0111\u00e3 gi\u1edbi thi\u1ec7u d\u1ecbch v\u1ee5 c\u1ee7a L\u00e1 Tr\u1ea7u Xanh \u0111\u1ebfn nhi\u1ec1u b\u1ea1n b\u00e8 v\u00e0 ng\u01b0\u1eddi th\u00e2n. C\u0169ng trong kho\u1ea3ng th\u1eddi gian \u0111\u00f3, kh\u00f4ng ph\u1ea3i l\u00fac n\u00e0o L\u00e1 Tr\u1ea7u Xanh c\u0169ng l\u00e0m tr\u00f2n vai, ho\u00e0n th\u00e0nh nhi\u1ec7m v\u1ee5 c\u1ee7a m\u00ecnh nh\u01b0ng ch\u00ednh nh\u1eefng l\u00fac nh\u01b0 v\u1eady c\u00e1c qu\u00fd kh\u00e1ch \u0111\u00e3 c\u00f3 nh\u1eefng l\u1eddi \u0111\u00f3ng g\u00f3p, ch\u1ec9nh s\u1eeda ch\u00e2n th\u00e0nh \u0111\u1ec3 gi\u00fap ch\u00fang t\u00f4i thay \u0111\u1ed5i, ki\u1ec7n to\u00e0n \u0111\u1ed9i ng\u0169. L\u00e1 Tr\u1ea7u Xanh s\u1ebd m\u00e3i ghi nh\u1eadn nh\u1eefng t\u00ecnh c\u1ea3m, s\u1ef1 tin t\u01b0\u1edfng v\u00e0 t\u1ea5m l\u00f2ng c\u1ee7a qu\u00fd v\u1ecb.<\/p>\n[\/vc_column_text][\/vc_column][vc_column width=&#8221;1\/2&#8243;][vc_single_image image=&#8221;7809&#8243; img_size=&#8221;200&#215;200&#8243; alignment=&#8221;center&#8221; style=&#8221;vc_box_outline_circle_2&#8243; border_color=&#8221;green&#8221;][\/vc_column][\/vc_row][vc_row][vc_column]<style type=\"text\/css\" >#ic_o13f2rdmdcmek1ez1lk3 {margin:0px auto 0px; }#ic_o13f2rdmdcmek1ez1lk3 .ic_left,#ic_o13f2rdmdcmek1ez1lk3 .ic_right,#ic_o13f2rdmdcmek1ez1lk3 .ic_left:after,#ic_o13f2rdmdcmek1ez1lk3 .ic_right:after{border-color:#ecf0f1; background:#ffffff; color:#a1b1bc; }#ic_o13f2rdmdcmek1ez1lk3 .ic_left:hover,#ic_o13f2rdmdcmek1ez1lk3 .ic_right:hover,#ic_o13f2rdmdcmek1ez1lk3 .ic_left:hover:after,#ic_o13f2rdmdcmek1ez1lk3 .ic_right:hover:after{background:#f9fafb; color:#2c3e50; }#ic_o13f2rdmdcmek1ez1lk3 .rd_ic_pager a{border-color:#ecf0f1; background:#ffffff; color:#a1b1bc; }#ic_o13f2rdmdcmek1ez1lk3 .rd_ic_pager a:hover{border-color:#1abc9c; background:#1abc9c; color:#ffffff; }<\/style><script type=\"text\/javascript\" charset=\"utf-8\">\r\n\t\t\t\t\r\n\t\tjQuery.noConflict();\r\n\t\/\/setup up Carousel\r\n\t\tjQuery(document).ready(function($) {\t\r\n\t\t\t\r\n\t\t\"use strict\";\r\n\t\t\r\n\t\t\t$(window).load(function(){\r\n\t\t$(\"#ic_o13f2rdmdcmek1ez1lk3 .rd_img_carousel\").carouFredSel({\r\n\t\t\t\t\t\r\n\t\t\t\t\tresponsive: true,\r\n\t\t\t\t\twidth: \"100%\",scroll: 1,\r\n\t\t\t\t\tauto: false,\r\n\t\t\t\t\tprev: \"#ic_o13f2rdmdcmek1ez1lk3 .ic_left\",\r\n\t\t\t\t\tnext: \"#ic_o13f2rdmdcmek1ez1lk3 .ic_right\",\r\n\t\t\t\t\tpagination: \"#ic_o13f2rdmdcmek1ez1lk3_pager\",\r\n\t\t\t\t\theight : \"variable\",\r\n\t\t\t\t\tswipe       : {\r\n             \t\t   onTouch     : true,\r\n\t\t               onMouse     : false\r\n        \t\t    },\r\n\t\t\t\t\titems: {\r\n\t\t\t\t\theight : \"variable\",\r\n\t\t\t\t\t\tvisible: {\r\n\t\t\t\t\t\t\tmin: 1,\r\n\t\t\t\t\t\t\tmax: 1\r\n\t\t\t\t\t\t}\r\n\t\t\t\t\t}\r\n\t\t\t\t});\r\n\t\t\t\t});\r\n\t\t\t\t});\r\n\t<\/script><div class=\"rd_img_carousel_ctn  \" id=\"ic_o13f2rdmdcmek1ez1lk3\"><div class=\"ic_nav\"><div class=\"ic_left\" >Previous<\/div><div class=\"ic_right\" >Next<\/div><\/div><div class=\"rd_img_carousel\"><a href=\"https:\/\/mamquacuoi.com\/wp-content\/uploads\/2014\/12\/LTX-Portfolio-01-1024x640.jpg\"  rel=\"prettyPhoto[rel-o13f2rdmdcmek1ez1lk3]\" ><img loading=\"lazy\" decoding=\"async\" width=\"1024\" height=\"640\" src=\"https:\/\/mamquacuoi.com\/wp-content\/uploads\/2014\/12\/LTX-Portfolio-01.jpg\" class=\"attachment-full\" alt=\"\" srcset=\"https:\/\/mamquacuoi.com\/wp-content\/uploads\/2014\/12\/LTX-Portfolio-01.jpg 1024w, https:\/\/mamquacuoi.com\/wp-content\/uploads\/2014\/12\/LTX-Portfolio-01-300x188.jpg 300w, https:\/\/mamquacuoi.com\/wp-content\/uploads\/2014\/12\/LTX-Portfolio-01-768x480.jpg 768w, https:\/\/mamquacuoi.com\/wp-content\/uploads\/2014\/12\/LTX-Portfolio-01-640x400.jpg 640w, https:\/\/mamquacuoi.com\/wp-content\/uploads\/2014\/12\/LTX-Portfolio-01-960x600.jpg 960w\" sizes=\"auto, (max-width: 1024px) 100vw, 1024px\" \/><\/a><a href=\"https:\/\/mamquacuoi.com\/wp-content\/uploads\/2014\/12\/LTX-Portfolio-22-1024x640.jpg\"  rel=\"prettyPhoto[rel-o13f2rdmdcmek1ez1lk3]\" ><img loading=\"lazy\" decoding=\"async\" width=\"1024\" height=\"640\" src=\"https:\/\/mamquacuoi.com\/wp-content\/uploads\/2014\/12\/LTX-Portfolio-22.jpg\" class=\"attachment-full\" alt=\"\" srcset=\"https:\/\/mamquacuoi.com\/wp-content\/uploads\/2014\/12\/LTX-Portfolio-22.jpg 1024w, https:\/\/mamquacuoi.com\/wp-content\/uploads\/2014\/12\/LTX-Portfolio-22-300x188.jpg 300w, https:\/\/mamquacuoi.com\/wp-content\/uploads\/2014\/12\/LTX-Portfolio-22-768x480.jpg 768w, https:\/\/mamquacuoi.com\/wp-content\/uploads\/2014\/12\/LTX-Portfolio-22-640x400.jpg 640w, https:\/\/mamquacuoi.com\/wp-content\/uploads\/2014\/12\/LTX-Portfolio-22-960x600.jpg 960w\" sizes=\"auto, (max-width: 1024px) 100vw, 1024px\" \/><\/a><a href=\"https:\/\/mamquacuoi.com\/wp-content\/uploads\/2014\/12\/LTX-Portfolio-04-1024x640.jpg\"  rel=\"prettyPhoto[rel-o13f2rdmdcmek1ez1lk3]\" ><img loading=\"lazy\" decoding=\"async\" width=\"1024\" height=\"640\" src=\"https:\/\/mamquacuoi.com\/wp-content\/uploads\/2014\/12\/LTX-Portfolio-04.jpg\" class=\"attachment-full\" alt=\"\" srcset=\"https:\/\/mamquacuoi.com\/wp-content\/uploads\/2014\/12\/LTX-Portfolio-04.jpg 1024w, https:\/\/mamquacuoi.com\/wp-content\/uploads\/2014\/12\/LTX-Portfolio-04-300x188.jpg 300w, https:\/\/mamquacuoi.com\/wp-content\/uploads\/2014\/12\/LTX-Portfolio-04-768x480.jpg 768w, https:\/\/mamquacuoi.com\/wp-content\/uploads\/2014\/12\/LTX-Portfolio-04-640x400.jpg 640w, https:\/\/mamquacuoi.com\/wp-content\/uploads\/2014\/12\/LTX-Portfolio-04-960x600.jpg 960w\" sizes=\"auto, (max-width: 1024px) 100vw, 1024px\" \/><\/a><a href=\"https:\/\/mamquacuoi.com\/wp-content\/uploads\/2014\/12\/LTX-Portfolio-27-1024x640.jpg\"  rel=\"prettyPhoto[rel-o13f2rdmdcmek1ez1lk3]\" ><img loading=\"lazy\" decoding=\"async\" width=\"1024\" height=\"640\" src=\"https:\/\/mamquacuoi.com\/wp-content\/uploads\/2014\/12\/LTX-Portfolio-27.jpg\" class=\"attachment-full\" alt=\"\" srcset=\"https:\/\/mamquacuoi.com\/wp-content\/uploads\/2014\/12\/LTX-Portfolio-27.jpg 1024w, https:\/\/mamquacuoi.com\/wp-content\/uploads\/2014\/12\/LTX-Portfolio-27-300x188.jpg 300w, https:\/\/mamquacuoi.com\/wp-content\/uploads\/2014\/12\/LTX-Portfolio-27-768x480.jpg 768w, https:\/\/mamquacuoi.com\/wp-content\/uploads\/2014\/12\/LTX-Portfolio-27-640x400.jpg 640w, https:\/\/mamquacuoi.com\/wp-content\/uploads\/2014\/12\/LTX-Portfolio-27-960x600.jpg 960w\" sizes=\"auto, (max-width: 1024px) 100vw, 1024px\" \/><\/a><a href=\"https:\/\/mamquacuoi.com\/wp-content\/uploads\/2014\/12\/LTX-Portfolio-34-1024x640.jpg\"  rel=\"prettyPhoto[rel-o13f2rdmdcmek1ez1lk3]\" ><img loading=\"lazy\" decoding=\"async\" width=\"1024\" height=\"640\" src=\"https:\/\/mamquacuoi.com\/wp-content\/uploads\/2014\/12\/LTX-Portfolio-34.jpg\" class=\"attachment-full\" alt=\"\" srcset=\"https:\/\/mamquacuoi.com\/wp-content\/uploads\/2014\/12\/LTX-Portfolio-34.jpg 1024w, https:\/\/mamquacuoi.com\/wp-content\/uploads\/2014\/12\/LTX-Portfolio-34-300x188.jpg 300w, https:\/\/mamquacuoi.com\/wp-content\/uploads\/2014\/12\/LTX-Portfolio-34-768x480.jpg 768w, https:\/\/mamquacuoi.com\/wp-content\/uploads\/2014\/12\/LTX-Portfolio-34-640x400.jpg 640w, https:\/\/mamquacuoi.com\/wp-content\/uploads\/2014\/12\/LTX-Portfolio-34-960x600.jpg 960w\" sizes=\"auto, (max-width: 1024px) 100vw, 1024px\" \/><\/a><a href=\"https:\/\/mamquacuoi.com\/wp-content\/uploads\/2014\/12\/LTX-Portfolio-44-1024x640.jpg\"  rel=\"prettyPhoto[rel-o13f2rdmdcmek1ez1lk3]\" ><img loading=\"lazy\" decoding=\"async\" width=\"1024\" height=\"640\" src=\"https:\/\/mamquacuoi.com\/wp-content\/uploads\/2014\/12\/LTX-Portfolio-44.jpg\" class=\"attachment-full\" alt=\"\" srcset=\"https:\/\/mamquacuoi.com\/wp-content\/uploads\/2014\/12\/LTX-Portfolio-44.jpg 1024w, https:\/\/mamquacuoi.com\/wp-content\/uploads\/2014\/12\/LTX-Portfolio-44-300x188.jpg 300w, https:\/\/mamquacuoi.com\/wp-content\/uploads\/2014\/12\/LTX-Portfolio-44-768x480.jpg 768w, https:\/\/mamquacuoi.com\/wp-content\/uploads\/2014\/12\/LTX-Portfolio-44-640x400.jpg 640w, https:\/\/mamquacuoi.com\/wp-content\/uploads\/2014\/12\/LTX-Portfolio-44-960x600.jpg 960w\" sizes=\"auto, (max-width: 1024px) 100vw, 1024px\" \/><\/a><a href=\"https:\/\/mamquacuoi.com\/wp-content\/uploads\/2014\/12\/LTX-Portfolio-36-1024x640.jpg\"  rel=\"prettyPhoto[rel-o13f2rdmdcmek1ez1lk3]\" ><img loading=\"lazy\" decoding=\"async\" width=\"1024\" height=\"640\" src=\"https:\/\/mamquacuoi.com\/wp-content\/uploads\/2014\/12\/LTX-Portfolio-36.jpg\" class=\"attachment-full\" alt=\"\" srcset=\"https:\/\/mamquacuoi.com\/wp-content\/uploads\/2014\/12\/LTX-Portfolio-36.jpg 1024w, https:\/\/mamquacuoi.com\/wp-content\/uploads\/2014\/12\/LTX-Portfolio-36-300x188.jpg 300w, https:\/\/mamquacuoi.com\/wp-content\/uploads\/2014\/12\/LTX-Portfolio-36-768x480.jpg 768w, https:\/\/mamquacuoi.com\/wp-content\/uploads\/2014\/12\/LTX-Portfolio-36-640x400.jpg 640w\" sizes=\"auto, (max-width: 1024px) 100vw, 1024px\" \/><\/a><a href=\"https:\/\/mamquacuoi.com\/wp-content\/uploads\/2014\/12\/LTX-Portfolio-16-1024x640.jpg\"  rel=\"prettyPhoto[rel-o13f2rdmdcmek1ez1lk3]\" ><img loading=\"lazy\" decoding=\"async\" width=\"1024\" height=\"640\" src=\"https:\/\/mamquacuoi.com\/wp-content\/uploads\/2014\/12\/LTX-Portfolio-16.jpg\" class=\"attachment-full\" alt=\"\" srcset=\"https:\/\/mamquacuoi.com\/wp-content\/uploads\/2014\/12\/LTX-Portfolio-16.jpg 1024w, https:\/\/mamquacuoi.com\/wp-content\/uploads\/2014\/12\/LTX-Portfolio-16-300x188.jpg 300w, https:\/\/mamquacuoi.com\/wp-content\/uploads\/2014\/12\/LTX-Portfolio-16-768x480.jpg 768w, https:\/\/mamquacuoi.com\/wp-content\/uploads\/2014\/12\/LTX-Portfolio-16-640x400.jpg 640w\" sizes=\"auto, (max-width: 1024px) 100vw, 1024px\" \/><\/a><a href=\"https:\/\/mamquacuoi.com\/wp-content\/uploads\/2014\/12\/LTX-Portfolio-08-1024x640.jpg\"  rel=\"prettyPhoto[rel-o13f2rdmdcmek1ez1lk3]\" ><img loading=\"lazy\" decoding=\"async\" width=\"1024\" height=\"640\" src=\"https:\/\/mamquacuoi.com\/wp-content\/uploads\/2014\/12\/LTX-Portfolio-08.jpg\" class=\"attachment-full\" alt=\"\" srcset=\"https:\/\/mamquacuoi.com\/wp-content\/uploads\/2014\/12\/LTX-Portfolio-08.jpg 1024w, https:\/\/mamquacuoi.com\/wp-content\/uploads\/2014\/12\/LTX-Portfolio-08-300x188.jpg 300w, https:\/\/mamquacuoi.com\/wp-content\/uploads\/2014\/12\/LTX-Portfolio-08-768x480.jpg 768w, https:\/\/mamquacuoi.com\/wp-content\/uploads\/2014\/12\/LTX-Portfolio-08-640x400.jpg 640w, https:\/\/mamquacuoi.com\/wp-content\/uploads\/2014\/12\/LTX-Portfolio-08-960x600.jpg 960w\" sizes=\"auto, (max-width: 1024px) 100vw, 1024px\" \/><\/a><a href=\"https:\/\/mamquacuoi.com\/wp-content\/uploads\/2014\/12\/LTX-Portfolio-10-1024x640.jpg\"  rel=\"prettyPhoto[rel-o13f2rdmdcmek1ez1lk3]\" ><img loading=\"lazy\" decoding=\"async\" width=\"1024\" height=\"640\" src=\"https:\/\/mamquacuoi.com\/wp-content\/uploads\/2014\/12\/LTX-Portfolio-10.jpg\" class=\"attachment-full\" alt=\"\" srcset=\"https:\/\/mamquacuoi.com\/wp-content\/uploads\/2014\/12\/LTX-Portfolio-10.jpg 1024w, https:\/\/mamquacuoi.com\/wp-content\/uploads\/2014\/12\/LTX-Portfolio-10-300x188.jpg 300w, https:\/\/mamquacuoi.com\/wp-content\/uploads\/2014\/12\/LTX-Portfolio-10-768x480.jpg 768w, https:\/\/mamquacuoi.com\/wp-content\/uploads\/2014\/12\/LTX-Portfolio-10-640x400.jpg 640w, https:\/\/mamquacuoi.com\/wp-content\/uploads\/2014\/12\/LTX-Portfolio-10-960x600.jpg 960w\" sizes=\"auto, (max-width: 1024px) 100vw, 1024px\" \/><\/a><\/div><div id=\"ic_o13f2rdmdcmek1ez1lk3_pager\" class=\"rd_ic_pager\"><\/div><\/div>[\/vc_column][\/vc_row][vc_row type=&#8221;full-width-section&#8221; font_color=&#8221;#ffffff&#8221; css=&#8221;.vc_custom_1422330588504{margin-bottom: 0px !important;padding-top: 30px !important;padding-bottom: 30px !important;background-color: #17aedf !important;}&#8221; parallax_background=&#8221;&#8221;][vc_column width=&#8221;2\/3&#8243; css=&#8221;.vc_custom_1422330567039{padding-top: 24px !important;padding-bottom: 30px !important;}&#8221;][vc_custom_heading text=&#8221;B\u1ea1n C\u1ea7n <strong>M\u00e2m Qu\u1ea3 C\u01b0\u1edbi<\/strong>? H\u00e3y \u0110\u1eb7t H\u00e0ng <strong>M\u00e2m Qu\u1ea3 C\u01b0\u1edbi &#8211; L\u00e1 Tr\u1ea7u Xanh<\/strong> Ngay!&#8221; font_container=&#8221;tag:h2|font_size:30|text_align:left|color:%23ffffff&#8221; google_fonts=&#8221;font_family:Lato%3A100%2C100italic%2C300%2C300italic%2Cregular%2Citalic%2C700%2C700italic%2C900%2C900italic|font_style:300%20light%20regular%3A300%3Anormal&#8221; css=&#8221;.vc_custom_1512911416253{margin-bottom: 0px !important;}&#8221;][\/vc_column][vc_column width=&#8221;1\/3&#8243; css=&#8221;.vc_custom_1422330577805{padding-top: 20px !important;padding-bottom: 20px !important;}&#8221;]<style type=\"text\/css\" >#b_hgwe3cbttz89c6kp40aq a{color:#ffffff; background:rgba(0,0,0,0.01); border-style:solid; border-color:#ffffff; margin-top:0px; margin-bottom:0px;  margin-left:0px; margin-right:0px; font-weight:900; border-radius:5px;}#b_hgwe3cbttz89c6kp40aq a:hover{color:#17aedf ; background:#ffffff ; border-color:#ffffff;}<\/style><div class=\"ta_right tf_btn_pos\" id=\"b_hgwe3cbttz89c6kp40aq\" ><a class=\"rd_stroke_bt medium_rd_bt border_2px rda_fadeInRight \" href=\"#\" target=\"\"   >0917 489 621<\/a><\/div>[\/vc_column][\/vc_row]\n","protected":false},"excerpt":{"rendered":"<p>[vc_row][vc_column width=&#8221;1\/2&#8243;][vc_single_image image=&#8221;7502&#8243; img_size=&#8221;200&#215;200&#8243; alignment=&#8221;center&#8221;][\/vc_column][vc_column width=&#8221;1\/2&#8243;][vc_column_text] M\u00e2m qu\u1ea3 ng\u00e0y c\u01b0\u1edbi l\u00e0 m\u1ed9t n\u00e9t\u00a0\u0111\u1eb9p v\u0103n ho\u00e1 theo truy\u1ec1n th\u1ed1ng C\u01b0\u1edbi H\u1ecfi\u00a0c\u1ee7a Ng\u01b0\u1eddi Vi\u1ec7t t\u1eeb x\u01b0a \u0111\u1ebfn nay. Tr\u1ea3i qua nhi\u1ec1u th\u0103ng tr\u1ea7m trong l\u1ecbch s\u1eed, n\u00e9t v\u0103n ho\u00e1 \u0111\u1eb7c s\u1eafc n\u00e0y hi\u1ec7n v\u1eabn \u0111\u01b0\u1ee3c c\u00e1c gia \u0111\u00ecnh Ng\u01b0\u1eddi Vi\u1ec7t b\u1ea3o t\u1ed3n v\u00e0 \u00e1p d\u1ee5ng trong c\u00e1c<br \/><a href=\"https:\/\/mamquacuoi.com\/?page_id=2\" class=\"more\">Read more<\/a><\/p>\n","protected":false},"author":1,"featured_media":0,"parent":0,"menu_order":0,"comment_status":"closed","ping_status":"closed","template":"","meta":{"_exactmetrics_skip_tracking":false,"_exactmetrics_sitenote_active":false,"_exactmetrics_sitenote_note":"","_exactmetrics_sitenote_category":0,"footnotes":""},"class_list":["post-2","page","type-page","status-publish","hentry"],"yoast_head":"<!-- This site is optimized with the Yoast SEO plugin v26.2 - https:\/\/yoast.com\/wordpress\/plugins\/seo\/ -->\n<title>M\u00c2M QU\u1ea2 NG\u00c0Y C\u01af\u1edaI - L\u00c1 TR\u1ea6U XANH<\/title>\n<meta name=\"description\" content=\"M\u00e2m qu\u1ea3 ng\u00e0y c\u01b0\u1edbi l\u00e0 m\u1ed9t n\u00e9t \u0111\u1eb9p v\u0103n ho\u00e1 theo truy\u1ec1n th\u1ed1ng C\u01b0\u1edbi H\u1ecfi c\u1ee7a Ng\u01b0\u1eddi Vi\u1ec7t t\u1eeb x\u01b0a \u0111\u1ebfn nay. Tr\u1ea3i qua nhi\u1ec1u th\u0103ng tr\u1ea7m trong l\u1ecbch s\u1eed, n\u00e9t v\u0103n ho\u00e1...\" \/>\n<meta name=\"robots\" content=\"index, follow, max-snippet:-1, max-image-preview:large, max-video-preview:-1\" \/>\n<link rel=\"canonical\" href=\"https:\/\/mamquacuoi.com\/?page_id=2\" \/>\n<meta property=\"og:locale\" content=\"vi_VN\" \/>\n<meta property=\"og:type\" content=\"article\" \/>\n<meta property=\"og:title\" content=\"M\u00c2M QU\u1ea2 NG\u00c0Y C\u01af\u1edaI - L\u00c1 TR\u1ea6U XANH\" \/>\n<meta property=\"og:description\" content=\"M\u00e2m qu\u1ea3 c\u01b0\u1edbi l\u00e0 m\u1ed9t n\u00e9t \u0111\u1eb9p v\u0103n ho\u00e1 theo truy\u1ec1n th\u1ed1ng C\u01b0\u1edbi H\u1ecfi c\u1ee7a Ng\u01b0\u1eddi Vi\u1ec7t t\u1eeb x\u01b0a \u0111\u1ebfn nay. Tr\u1ea3i qua nhi\u1ec1u th\u0103ng tr\u1ea7m trong l\u1ecbch s\u1eed, n\u00e9t v\u0103n ho\u00e1...\" \/>\n<meta property=\"og:url\" content=\"https:\/\/mamquacuoi.com\/?page_id=2\" \/>\n<meta property=\"og:site_name\" content=\"M\u00c2M QU\u1ea2 C\u01af\u1edaI\" \/>\n<meta property=\"article:modified_time\" content=\"2018-04-11T11:25:07+00:00\" \/>\n<meta property=\"og:image\" content=\"https:\/\/mamquacuoi.com\/wp-content\/uploads\/2014\/03\/Dich-Vu-Mam-Qua-Cuoi-03.jpg\" \/>\n\t<meta property=\"og:image:width\" content=\"900\" \/>\n\t<meta property=\"og:image:height\" content=\"600\" \/>\n\t<meta property=\"og:image:type\" content=\"image\/jpeg\" \/>\n<meta name=\"twitter:label1\" content=\"Est. reading time\" \/>\n\t<meta name=\"twitter:data1\" content=\"5 minutes\" \/>\n<script type=\"application\/ld+json\" class=\"yoast-schema-graph\">{\"@context\":\"https:\/\/schema.org\",\"@graph\":[{\"@type\":\"WebPage\",\"@id\":\"https:\/\/mamquacuoi.com\/?page_id=2\",\"url\":\"https:\/\/mamquacuoi.com\/?page_id=2\",\"name\":\"M\u00c2M QU\u1ea2 NG\u00c0Y C\u01af\u1edaI - L\u00c1 TR\u1ea6U XANH\",\"isPartOf\":{\"@id\":\"https:\/\/mamquacuoi.com\/#website\"},\"datePublished\":\"2014-03-15T10:23:29+00:00\",\"dateModified\":\"2018-04-11T11:25:07+00:00\",\"description\":\"M\u00e2m qu\u1ea3 ng\u00e0y c\u01b0\u1edbi l\u00e0 m\u1ed9t n\u00e9t \u0111\u1eb9p v\u0103n ho\u00e1 theo truy\u1ec1n th\u1ed1ng C\u01b0\u1edbi H\u1ecfi c\u1ee7a Ng\u01b0\u1eddi Vi\u1ec7t t\u1eeb x\u01b0a \u0111\u1ebfn nay. Tr\u1ea3i qua nhi\u1ec1u th\u0103ng tr\u1ea7m trong l\u1ecbch s\u1eed, n\u00e9t v\u0103n ho\u00e1...\",\"breadcrumb\":{\"@id\":\"https:\/\/mamquacuoi.com\/?page_id=2#breadcrumb\"},\"inLanguage\":\"vi-VN\",\"potentialAction\":[{\"@type\":\"ReadAction\",\"target\":[\"https:\/\/mamquacuoi.com\/?page_id=2\"]}]},{\"@type\":\"BreadcrumbList\",\"@id\":\"https:\/\/mamquacuoi.com\/?page_id=2#breadcrumb\",\"itemListElement\":[{\"@type\":\"ListItem\",\"position\":1,\"name\":\"Blog\",\"item\":\"https:\/\/mamquacuoi.com\/\"},{\"@type\":\"ListItem\",\"position\":2,\"name\":\"GI\u1edaI THI\u1ec6U\"}]},{\"@type\":\"WebSite\",\"@id\":\"https:\/\/mamquacuoi.com\/#website\",\"url\":\"https:\/\/mamquacuoi.com\/\",\"name\":\"M\u00c2M QU\u1ea2 C\u01af\u1edaI\",\"description\":\"L\u00c1 TR\u1ea6U XANH\",\"potentialAction\":[{\"@type\":\"SearchAction\",\"target\":{\"@type\":\"EntryPoint\",\"urlTemplate\":\"https:\/\/mamquacuoi.com\/?s={search_term_string}\"},\"query-input\":{\"@type\":\"PropertyValueSpecification\",\"valueRequired\":true,\"valueName\":\"search_term_string\"}}],\"inLanguage\":\"vi-VN\"}]}<\/script>\n<!-- \/ Yoast SEO plugin. -->","yoast_head_json":{"title":"M\u00c2M QU\u1ea2 NG\u00c0Y C\u01af\u1edaI - L\u00c1 TR\u1ea6U XANH","description":"M\u00e2m qu\u1ea3 ng\u00e0y c\u01b0\u1edbi l\u00e0 m\u1ed9t n\u00e9t \u0111\u1eb9p v\u0103n ho\u00e1 theo truy\u1ec1n th\u1ed1ng C\u01b0\u1edbi H\u1ecfi c\u1ee7a Ng\u01b0\u1eddi Vi\u1ec7t t\u1eeb x\u01b0a \u0111\u1ebfn nay. Tr\u1ea3i qua nhi\u1ec1u th\u0103ng tr\u1ea7m trong l\u1ecbch s\u1eed, n\u00e9t v\u0103n ho\u00e1...","robots":{"index":"index","follow":"follow","max-snippet":"max-snippet:-1","max-image-preview":"max-image-preview:large","max-video-preview":"max-video-preview:-1"},"canonical":"https:\/\/mamquacuoi.com\/?page_id=2","og_locale":"vi_VN","og_type":"article","og_title":"M\u00c2M QU\u1ea2 NG\u00c0Y C\u01af\u1edaI - L\u00c1 TR\u1ea6U XANH","og_description":"M\u00e2m qu\u1ea3 c\u01b0\u1edbi l\u00e0 m\u1ed9t n\u00e9t \u0111\u1eb9p v\u0103n ho\u00e1 theo truy\u1ec1n th\u1ed1ng C\u01b0\u1edbi H\u1ecfi c\u1ee7a Ng\u01b0\u1eddi Vi\u1ec7t t\u1eeb x\u01b0a \u0111\u1ebfn nay. Tr\u1ea3i qua nhi\u1ec1u th\u0103ng tr\u1ea7m trong l\u1ecbch s\u1eed, n\u00e9t v\u0103n ho\u00e1...","og_url":"https:\/\/mamquacuoi.com\/?page_id=2","og_site_name":"M\u00c2M QU\u1ea2 C\u01af\u1edaI","article_modified_time":"2018-04-11T11:25:07+00:00","og_image":[{"width":900,"height":600,"url":"https:\/\/mamquacuoi.com\/wp-content\/uploads\/2014\/03\/Dich-Vu-Mam-Qua-Cuoi-03.jpg","type":"image\/jpeg"}],"twitter_misc":{"Est. reading time":"5 minutes"},"schema":{"@context":"https:\/\/schema.org","@graph":[{"@type":"WebPage","@id":"https:\/\/mamquacuoi.com\/?page_id=2","url":"https:\/\/mamquacuoi.com\/?page_id=2","name":"M\u00c2M QU\u1ea2 NG\u00c0Y C\u01af\u1edaI - L\u00c1 TR\u1ea6U XANH","isPartOf":{"@id":"https:\/\/mamquacuoi.com\/#website"},"datePublished":"2014-03-15T10:23:29+00:00","dateModified":"2018-04-11T11:25:07+00:00","description":"M\u00e2m qu\u1ea3 ng\u00e0y c\u01b0\u1edbi l\u00e0 m\u1ed9t n\u00e9t \u0111\u1eb9p v\u0103n ho\u00e1 theo truy\u1ec1n th\u1ed1ng C\u01b0\u1edbi H\u1ecfi c\u1ee7a Ng\u01b0\u1eddi Vi\u1ec7t t\u1eeb x\u01b0a \u0111\u1ebfn nay. Tr\u1ea3i qua nhi\u1ec1u th\u0103ng tr\u1ea7m trong l\u1ecbch s\u1eed, n\u00e9t v\u0103n ho\u00e1...","breadcrumb":{"@id":"https:\/\/mamquacuoi.com\/?page_id=2#breadcrumb"},"inLanguage":"vi-VN","potentialAction":[{"@type":"ReadAction","target":["https:\/\/mamquacuoi.com\/?page_id=2"]}]},{"@type":"BreadcrumbList","@id":"https:\/\/mamquacuoi.com\/?page_id=2#breadcrumb","itemListElement":[{"@type":"ListItem","position":1,"name":"Blog","item":"https:\/\/mamquacuoi.com\/"},{"@type":"ListItem","position":2,"name":"GI\u1edaI THI\u1ec6U"}]},{"@type":"WebSite","@id":"https:\/\/mamquacuoi.com\/#website","url":"https:\/\/mamquacuoi.com\/","name":"M\u00c2M QU\u1ea2 C\u01af\u1edaI","description":"L\u00c1 TR\u1ea6U XANH","potentialAction":[{"@type":"SearchAction","target":{"@type":"EntryPoint","urlTemplate":"https:\/\/mamquacuoi.com\/?s={search_term_string}"},"query-input":{"@type":"PropertyValueSpecification","valueRequired":true,"valueName":"search_term_string"}}],"inLanguage":"vi-VN"}]}},"_links":{"self":[{"href":"https:\/\/mamquacuoi.com\/index.php?rest_route=\/wp\/v2\/pages\/2","targetHints":{"allow":["GET"]}}],"collection":[{"href":"https:\/\/mamquacuoi.com\/index.php?rest_route=\/wp\/v2\/pages"}],"about":[{"href":"https:\/\/mamquacuoi.com\/index.php?rest_route=\/wp\/v2\/types\/page"}],"author":[{"embeddable":true,"href":"https:\/\/mamquacuoi.com\/index.php?rest_route=\/wp\/v2\/users\/1"}],"replies":[{"embeddable":true,"href":"https:\/\/mamquacuoi.com\/index.php?rest_route=%2Fwp%2Fv2%2Fcomments&post=2"}],"version-history":[{"count":60,"href":"https:\/\/mamquacuoi.com\/index.php?rest_route=\/wp\/v2\/pages\/2\/revisions"}],"predecessor-version":[{"id":7825,"href":"https:\/\/mamquacuoi.com\/index.php?rest_route=\/wp\/v2\/pages\/2\/revisions\/7825"}],"wp:attachment":[{"href":"https:\/\/mamquacuoi.com\/index.php?rest_route=%2Fwp%2Fv2%2Fmedia&parent=2"}],"curies":[{"name":"wp","href":"https:\/\/api.w.org\/{rel}","templated":true}]}}